{"id":58,"date":"2025-10-28T04:39:00","date_gmt":"2025-10-28T04:39:00","guid":{"rendered":"https:\/\/uncrossablerushrush.pl\/?page_id=58"},"modified":"2026-02-06T10:35:49","modified_gmt":"2026-02-06T10:35:49","slug":"home1","status":"publish","type":"page","link":"https:\/\/uncrossablerushrush.pl\/hr\/","title":{"rendered":"home1"},"content":{"rendered":"<section class=\"gb-element-c0819d6c banner\">\n<div class=\"gb-element-0659d418\">\n<div class=\"wp-block-columns is-layout-flex wp-container-core-columns-is-layout-9d6595d7 wp-block-columns-is-layout-flex\">\n<div class=\"wp-block-column is-layout-flow wp-block-column-is-layout-flow\">\n<h2 class=\"gb-text gb-text-155ce4c1\">Uncrossable Rush: Recenzija ove igre za zara\u0111ivanje novca. Koja je strategija?<\/h2>\n\n\n\n<p class=\"has-text-align-center has-base-3-color has-text-color has-link-color wp-elements-4aa20eab2be4f2b0a2cb688ef0636131\"><strong>Igraj sada <strong>NEPRELAZIV JURI\u0160<\/strong> s pravom strategijom kako kona\u010dno po\u010deti zara\u0111ivati. Iskoristite <strong>Bonus dobrodo\u0161lice 300% do 5.000 \u20ac<\/strong>.<\/strong><\/p>\n\n\n\n<div class=\"wp-block-columns is-layout-flex wp-container-core-columns-is-layout-9d6595d7 wp-block-columns-is-layout-flex\">\n<div class=\"wp-block-column is-layout-flow wp-block-column-is-layout-flow\" style=\"flex-basis:20px\"><\/div>\n\n\n\n<div class=\"wp-block-column is-layout-flow wp-block-column-is-layout-flow\">\n<a class=\"gb-text gb-text-50c1af7c\" href=\"\/play\/\">IGRAJ U DEMO NA\u010cINU<\/a>\n<\/div>\n\n\n\n<div class=\"wp-block-column is-layout-flow wp-block-column-is-layout-flow\">\n<a class=\"gb-text gb-text-6d7e1e7e\" href=\"\/play\/\">IGRAJ ZA PRAVI NOVAC<\/a>\n<\/div>\n\n\n\n<div class=\"wp-block-column is-layout-flow wp-block-column-is-layout-flow\" style=\"flex-basis:20px\"><\/div>\n<\/div>\n<\/div>\n<\/div>\n<\/div>\n<\/section>\n\n\n\n<div class=\"gb-element-ae48acc7\">\n<h1 class=\"wp-block-heading\">Uncrossable Rush Recenzije: Na\u0161 sud o ovoj igri s piletinom<\/h1>\n\n\n\n<p>Bojite li se da \u0107ete izgubiti okladu na nepoznatoj igri na sre\u0107u i tra\u017eite pouzdanu recenziju Uncrossable Rush kako biste osigurali svoju strategiju? Na\u0161a tehni\u010dka analiza ra\u0161\u010dlanjuje performanse ove Evoplay igre na <strong>pretvorite svaki korak Eggwine u konkretnu priliku za profit<\/strong>Ovdje otkrivamo kako ukrotiti volatilnost kako biste ciljali na multiplikator od 10 000x bez fatalnog pada.<\/p>\n\n\n\n<ol class=\"wp-block-list\">\n<li><a href=\"#mechanika-gry-rozgrywka-uncrossable-rush\">Mehanika igre i na\u010din igranja u Uncrossable Rush<\/a><\/li>\n\n\n\n<li><a href=\"#statystyki-techniczne-poziomy-trudnosci\">Tehni\u010dka statistika i razine te\u017eine<\/a><\/li>\n\n\n\n<li><a href=\"#opcje-automatyzacji-dostepnosc-tytulu\">Mogu\u0107nosti automatizacije i dostupnost naslova<\/a><\/li>\n\n\n\n<li><a href=\"#ostateczny-werdykt-porownanie-wariantow\">Kona\u010dna presuda i usporedba varijanti<\/a><\/li>\n<\/ol>\n\n\n\n<h2 class=\"wp-block-heading\" id=\"mechanika-gry-rozgrywka-uncrossable-rush\">Mehanika igre i na\u010din igranja u Uncrossable Rush<\/h2>\n\n\n\n<p>Zaboravimo na trenutak klasi\u010dne automate i pogledajmo kako ovaj naslov od Evoplaya <strong>osvje\u017eava sjajan arkadni klasik<\/strong> s da\u0161kom financijskog adrenalina.<\/p>\n\n\n\n<h3 class=\"wp-block-heading\">Eggwinova piletina vlada autocestom<\/h3>\n\n\n\n<p>Igrate kao Eggwina, neustra\u0161iva koko\u0161 koja mora <strong>prije\u0107i prometnu cestu da bi pre\u017eivio<\/strong>Ovaj koncept je o\u010dito inspiriran retro igrama poput Froggera i Crossy Roada. To je izazov koji zahtijeva brze reflekse.<\/p>\n\n\n\n<p>Ruta se sastoji od 24 uzastopne trake koje se moraju pro\u0107i jedna za drugom. Svaki uspje\u0161an korak zavr\u0161ava se bez nesre\u0107e. <strong>izravno pove\u0107ava potencijalne dobitke igra\u010da<\/strong>Napredak je linearan, ali opasan.<\/p>\n\n\n\n<p>Radnja se odvija u <strong>nemilosrdna urbana sredina<\/strong>Automobili se kre\u0107u po asfaltu potpuno nasumce.<\/p>\n\n\n\n<h3 class=\"wp-block-heading\">Upravljanje rizikom prilikom prikupljanja dobitaka<\/h3>\n\n\n\n<p>Evo prave dileme: treba li sada stati ili poku\u0161ati napraviti korak dalje? U svakom trenutku morate odlu\u010diti \u0161titite li svoju trenutnu dobit. Jedan sudar vozila <strong>odmah poni\u0161tava sve akumulirane dobitke<\/strong>.<\/p>\n\n\n\n<p>Gumb za isplatu gotovine je va\u0161 jedini izlaz u slu\u010daju nu\u017ede. Sklanja vas s puta. <strong>novac napokon u tvom d\u017eepu<\/strong>.<\/p>\n\n\n\n<p>Napetost u prometu postaje opipljiva. \u0160to se vi\u0161e pribli\u017eavate cilju, to <strong>stres se drasti\u010dno pove\u0107ava<\/strong>.<\/p>\n\n\n\n<h3 class=\"wp-block-heading\">Jednostavnost i fluidnost korisni\u010dkog iskustva<\/h3>\n\n\n\n<p>Brzina rundi je impresivna za ovu vrstu igre. <strong>Igre slijede jedna drugu bez ikakvih prekida.<\/strong> za korisnika.<\/p>\n\n\n\n<p>Crtana estetika daje igri vrlo sna\u017ean vizualni identitet. Grafika je \u0161arena, a zvu\u010dni efekti poja\u010davaju uranjanje bez da su nametljivi. <strong>\u010disto i u\u010dinkovito<\/strong>.<\/p>\n\n\n\n<p><strong>Dostupnost je potpuna<\/strong> u ovom naslovu. Po\u010detnik \u0107e razumjeti pravila i uloge za samo nekoliko sekundi.<\/p>\n\n\n\n<h2 class=\"wp-block-heading\" id=\"statystyki-techniczne-poziomy-trudnosci\">Tehni\u010dka statistika i razine te\u017eine<\/h2>\n\n\n\n<p>Osim lijepe grafike, igra je bazirana na <strong>precizne brojke i prilagodljive postavke rizika<\/strong>.<\/p>\n\n\n\n<h3 class=\"wp-block-heading\">Analiza RTP-a i multiplikatora od 10.000x<\/h3>\n\n\n\n<figure class=\"wp-block-table\"><table class=\"has-fixed-layout\"><thead><tr><th>Karakteristi\u010dno<\/th><th>Vrijednost igre<\/th><\/tr><\/thead><tbody><tr><td>RTP<\/td><td>96.00%<\/td><\/tr><tr><td>Maksimalni mno\u017eitelj<\/td><td>10.000 puta<\/td><\/tr><tr><td>Maksimalni dobitak (\u20ac)<\/td><td>750 000\u20ac<\/td><\/tr><tr><td>Min. biljka<\/td><td>1\u20ac<\/td><\/tr><tr><td>Maksimalna oklada<\/td><td>75\u20ac<\/td><\/tr><tr><td>Izdava\u010d<\/td><td>Evoplay<\/td><\/tr><\/tbody><\/table><\/figure>\n\n\n\n<p>RTP od 96.00% je standardna i fer vrijednost. Ova uvjerljiva brojka osigurava da <strong>ne dajete kasinu nesrazmjernu prednost<\/strong> dugoro\u010dno.<\/p>\n\n\n\n<p><strong>Maksimalni dobitak iznosi 750.000 eura.<\/strong> s maksimalnim ulogom. Ovaj kolosalni iznos, sposoban trenutno promijeniti \u017eivote, daleko nadma\u0161uje ono \u0161to druge mini igre obi\u010dno nude.<\/p>\n\n\n\n<p>Multiplikator od 10.000x ostaje Sveti gral za hrabre igra\u010de, pretvaraju\u0107i mali nov\u010di\u0107 u <strong>ogroman jackpot<\/strong>.<\/p>\n\n\n\n<h3 class=\"wp-block-heading\">Razlike izme\u0111u Easy i Hardcore na\u010dina<\/h3>\n\n\n\n<p>Jednostavni na\u010din rada nudi skromne, ali \u010deste dobitke, umiruju\u0107i po\u010detnike. S druge strane, hardcore na\u010din rada nudi ogromne isplate ve\u0107 od prvih linija. \u0160to se ti\u010de profitabilnosti, to je kao dan i no\u0107: <strong>mudro birajte svoj kamp<\/strong>.<\/p>\n\n\n\n<p>Gusto\u0107a prometa dramati\u010dno se mijenja ovisno o odabranoj razini te\u017eine. U Hardcore na\u010dinu rada <strong>automobili jure ludim brzinama<\/strong>.<\/p>\n\n\n\n<p>U jednostavnom na\u010dinu rada <strong>Dobici rastu polako, ali sigurno<\/strong> sa svakim korakom, \u0161to je savr\u0161en tempo za dulje pre\u017eivljavanje.<\/p>\n\n\n\n<h3 class=\"wp-block-heading\">Odnos izme\u0111u volumena prometa i stvarne varijabilnosti<\/h3>\n\n\n\n<p>Vi\u0161e automobila zna\u010di <strong>pove\u0107ana volatilnost<\/strong>Va\u0161e \u0161anse za neuspjeh dramati\u010dno se pove\u0107avaju sa svakim poku\u0161ajem, ali to je cijena koju morate platiti kako biste ciljali na jackpot.<\/p>\n\n\n\n<p>Generator slu\u010dajnih brojeva odre\u0111uje polo\u017eaj vozila. Nitko ne mo\u017ee predvidjeti ho\u0107e li sljede\u0107i korak biti siguran ili smrtonosan; <strong>sve se temelji na ovom nepristranom matemati\u010dkom izra\u010dunu<\/strong>.<\/p>\n\n\n\n<p>Oprezni igra\u010di \u0107e se mudro dr\u017eati jednostavnog na\u010dina rada. Nema smisla isku\u0161avati sudbinu ako je va\u0161 <strong>bankroll to ne dopu\u0161ta<\/strong>.<\/p>\n\n\n\n<h2 class=\"wp-block-heading\" id=\"opcje-automatyzacji-dostepnosc-tytulu\">Mogu\u0107nosti automatizacije i dostupnost naslova<\/h2>\n\n\n\n<p>Za one koji preferiraju metodi\u010dniji pristup, Evoplay je integrirao <strong>prakti\u010dni alati za upravljanje igra\u0107im sesijama<\/strong>.<\/p>\n\n\n\n<h3 class=\"wp-block-heading\">Postavljanje automatske igre i strategije kla\u0111enja<\/h3>\n\n\n\n<p>Mo\u017eete automatski zaustaviti kla\u0111enje kada se dostigne prag dobitka ili gubitka. <strong>potrebna sigurnost kako bi se izbjegao gubitak kapitala<\/strong> impulsivno.<\/p>\n\n\n\n<p>Igra\u010d tako\u0111er definira to\u010dan broj sljede\u0107ih rundi. Konfigurirate treba li se ulog pove\u0107ati ili smanjiti nakon pobjede, \u0161to <strong>potpuno automatizira upravljanje rizicima<\/strong>.<\/p>\n\n\n\n<p>Automatska reprodukcija <strong>olak\u0161ava primjenu strategija<\/strong> kao \u0161to je Martingale bez potrebe za stalnom ru\u010dnom intervencijom.<\/p>\n\n\n\n<h3 class=\"wp-block-heading\">Demo na\u010din rada dostupan za obuku<\/h3>\n\n\n\n<p>Besplatna verzija je savr\u0161en alat za <strong>testirajte \u010detiri razine te\u017eine<\/strong> Bez stresa. U Hardcore na\u010dinu rada nau\u010di\u0161 predvidjeti gust promet prije nego \u0161to ulo\u017ei\u0161 i lipu.<\/p>\n\n\n\n<p>Igramo ovdje za izmi\u0161ljene \u0161pice kako bismo savladali mehaniku. Ovo je trenutak <strong>pravljenje gre\u0161aka i razumijevanje<\/strong>kada kliknuti na &quot;Preuzmi&quot; bez riskiranja vlastitog novca.<\/p>\n\n\n\n<p>Algoritmi ostaju potpuno isti: demo <strong>vjerno odra\u017eava stvarnost pla\u0107ene igre<\/strong>.<\/p>\n\n\n\n<h3 class=\"wp-block-heading\">Tehni\u010dke performanse na mobilnim ure\u0111ajima<\/h3>\n\n\n\n<p><strong>Ergonomija dodira savr\u0161eno pristaje<\/strong> za male zaslone pametnih telefona. Tipke su savr\u0161eno postavljene za igranje palcem.<\/p>\n\n\n\n<p>Primijetio sam da Eggwinini pokreti ostaju glatki na tabletima i novijim telefonima. <strong>Nema ka\u0161njenja koje bi ometalo precizno odre\u0111ivanje vremena<\/strong> potrebno za prevladavanje ove kaoti\u010dne autoceste.<\/p>\n\n\n\n<p>Za po\u010detak igranja nije potrebno preuzimanje. <strong>Sve se radi putem web preglednika<\/strong>.<\/p>\n\n\n\n<h2 class=\"wp-block-heading\" id=\"ostateczny-werdykt-porownanie-wariantow\">Kona\u010dna presuda i usporedba varijanti<\/h2>\n\n\n\n<p>Prije nego \u0161to zaklju\u010dimo ovu analizu, <strong>Usporedimo original s njegovom bo\u017ei\u0107nom verzijom<\/strong>kako bi se vidjelo ho\u0107e li se su\u0161tina igre doista promijeniti.<\/p>\n\n\n\n<h3 class=\"wp-block-heading\">Usporedba s bo\u017ei\u0107nom verzijom Uncrossable Rush<\/h3>\n\n\n\n<p>Odmah primje\u0107ujemo atmosferu: Eggwina obla\u010di bo\u017ei\u0107nu odje\u0107u usred snijega. To je <strong>vizualno toplije, sa zimskim naglaskom<\/strong>, \u0161to mijenja atmosferu tipi\u010dne autoceste.<\/p>\n\n\n\n<p>Ali nemojte se zavaravati, motor ispod haube ostaje isti. Mehanika CrossyRuna, kao i multiplikatori, identi\u010dna je osnovnoj igri. <strong>Nema matemati\u010dkih razlika<\/strong>.<\/p>\n\n\n\n<p>To je <strong>ugodna varijanta<\/strong>, savr\u0161eno za ulazak u raspolo\u017eenje za blagdane na kraju godine.<\/p>\n\n\n\n<h3 class=\"wp-block-heading\">Ukupna ocjena i pouzdanost ove Evoplay mini igre<\/h3>\n\n\n\n<p>Moje mi\u0161ljenje je jasno: zabava je trenutna, a nalet adrenalina brzo raste. \u0160to se ti\u010de pouzdanosti, Evoplay jam\u010di potpunu po\u0161tenost zahvaljuju\u0107i svom certificiranom generatoru slu\u010dajnih brojeva (RNG). <strong>\u010dvrst, iskren naslov koji se savjesno pridr\u017eava trenutnih standarda<\/strong> industrija igara.<\/p>\n\n\n\n<p>Slu\u017ebenu upotrebu CrossyRun licence osigurava <strong>\u010dvrsta tehni\u010dka struktura<\/strong>, daleko od sumnjivih kopija koje se ponekad mogu prona\u0107i.<\/p>\n\n\n\n<p>Brzina i trenutna dostupnost dominiraju iskustvom, \u010dine\u0107i svaki <strong>sesija je intenzivna<\/strong>.<\/p>\n\n\n\n<h3 class=\"wp-block-heading\">Strategije za optimizaciju va\u0161ih \u0161ansi za uspjeh<\/h3>\n\n\n\n<ul class=\"wp-block-list\">\n<li>Zapo\u010dnite s <strong>mali ulozi u jednostavnom na\u010dinu rada<\/strong><\/li>\n\n\n\n<li><strong>Postavi pobjedni\u010dki cilj<\/strong><\/li>\n\n\n\n<li><strong>Iskoristite isplatu gotovine<\/strong> nakon prolaska 3 ili 4 trake<\/li>\n\n\n\n<li><strong>Nikad ne poku\u0161avajte nadoknaditi gubitke<\/strong><\/li>\n<\/ul>\n\n\n\n<p>Budimo iskreni, \u017eelja za lakom zaradom vam je ovdje najgori neprijatelj. Bolje je ciljati na male, redovite profite u ranim fazama. Rigorozno upravljanje bankrollom poma\u017ee u izbjegavanju neugodnih iznena\u0111enja. <strong>Klju\u010dno je znati kada stati<\/strong>.<\/p>\n\n\n\n<p>Nikada ne zaboravite da psihologija igra istu ulogu kao i sre\u0107a. <strong>Slu\u010daj ostaje apsolutni gospodar<\/strong> na ruti Uncrossable Rush, bez obzira na tehniku koju mislite da ste savladali.<\/p>\n\n\n\n<p>Ovaj naslov tvrtke Evoplay ponovno izmi\u0161lja \u017eanr arkadnih igara <strong>potencijal dobitka do 10.000 puta ve\u0107i od ulo\u017eenog iznosa<\/strong>Na\u0161a recenzija Uncrossable Rush-a isti\u010de besprijekorno iskustvo gdje svaki potez mo\u017ee donijeti veliku zaradu. Zapo\u010dnite svoju besplatnu sesiju sada kako biste savladali promet i osigurali svoju prvu zaradu.<\/p>\n<\/div>","protected":false},"excerpt":{"rendered":"<p>Uncrossable Rush: opinia o tej grze na zarabianie pieni\u0119dzy. Jaka strategia? Zagraj teraz w UNCROSSABLE RUSH z prawdziw\u0105 strategi\u0105, aby w ko\u0144cu zacz\u0105\u0107 zarabia\u0107 pieni\u0105dze. Skorzystaj z bonusu powitalnego 300% do 5000 \u20ac. GRAJ W TRYBIE DEMO GRAJ NA PRAWDZIWE PIENI\u0104DZE Opinie o Uncrossable Rush: nasz werdykt o tej grze z kurczakiem Czy boisz si\u0119 &#8230; <a title=\"home1\" class=\"read-more\" href=\"https:\/\/uncrossablerushrush.pl\/hr\/\" aria-label=\"Read more about home1\">Pro\u010ditaj vi\u0161e<\/a><\/p>","protected":false},"author":1,"featured_media":0,"parent":0,"menu_order":0,"comment_status":"closed","ping_status":"closed","template":"","meta":{"footnotes":""},"class_list":["post-58","page","type-page","status-publish"],"_links":{"self":[{"href":"https:\/\/uncrossablerushrush.pl\/hr\/wp-json\/wp\/v2\/pages\/58","targetHints":{"allow":["GET"]}}],"collection":[{"href":"https:\/\/uncrossablerushrush.pl\/hr\/wp-json\/wp\/v2\/pages"}],"about":[{"href":"https:\/\/uncrossablerushrush.pl\/hr\/wp-json\/wp\/v2\/types\/page"}],"author":[{"embeddable":true,"href":"https:\/\/uncrossablerushrush.pl\/hr\/wp-json\/wp\/v2\/users\/1"}],"replies":[{"embeddable":true,"href":"https:\/\/uncrossablerushrush.pl\/hr\/wp-json\/wp\/v2\/comments?post=58"}],"version-history":[{"count":58,"href":"https:\/\/uncrossablerushrush.pl\/hr\/wp-json\/wp\/v2\/pages\/58\/revisions"}],"predecessor-version":[{"id":268,"href":"https:\/\/uncrossablerushrush.pl\/hr\/wp-json\/wp\/v2\/pages\/58\/revisions\/268"}],"wp:attachment":[{"href":"https:\/\/uncrossablerushrush.pl\/hr\/wp-json\/wp\/v2\/media?parent=58"}],"curies":[{"name":"wp","href":"https:\/\/api.w.org\/{rel}","templated":true}]}}