{"id":58,"date":"2025-10-28T04:39:00","date_gmt":"2025-10-28T04:39:00","guid":{"rendered":"https:\/\/uncrossablerushrush.pl\/?page_id=58"},"modified":"2026-02-06T10:35:49","modified_gmt":"2026-02-06T10:35:49","slug":"home1","status":"publish","type":"page","link":"https:\/\/uncrossablerushrush.pl\/hu\/","title":{"rendered":"home1"},"content":{"rendered":"<section class=\"gb-element-c0819d6c banner\">\n<div class=\"gb-element-0659d418\">\n<div class=\"wp-block-columns is-layout-flex wp-container-core-columns-is-layout-9d6595d7 wp-block-columns-is-layout-flex\">\n<div class=\"wp-block-column is-layout-flow wp-block-column-is-layout-flow\">\n<h2 class=\"gb-text gb-text-155ce4c1\">Uncrossable Rush: egy v\u00e9lem\u00e9ny err\u0151l a p\u00e9nzkeres\u0151 j\u00e1t\u00e9kr\u00f3l. Melyik strat\u00e9gia?<\/h2>\n\n\n\n<p class=\"has-text-align-center has-base-3-color has-text-color has-link-color wp-elements-4aa20eab2be4f2b0a2cb688ef0636131\"><strong>J\u00e1tsszon most a <strong>\u00c1TL\u00c9PHETETLEN ROHAN\u00c1S<\/strong> egy val\u00f3di strat\u00e9gi\u00e1val, hogy v\u00e9gre elkezdhess\u00fcnk p\u00e9nzt keresni. Haszn\u00e1lja ki a <strong>300% \u00fcdv\u00f6zl\u0151 b\u00f3nusz ak\u00e1r 5,000 \u20ac-ig<\/strong>.<\/strong><\/p>\n\n\n\n<div class=\"wp-block-columns is-layout-flex wp-container-core-columns-is-layout-9d6595d7 wp-block-columns-is-layout-flex\">\n<div class=\"wp-block-column is-layout-flow wp-block-column-is-layout-flow\" style=\"flex-basis:20px\"><\/div>\n\n\n\n<div class=\"wp-block-column is-layout-flow wp-block-column-is-layout-flow\">\n<a class=\"gb-text gb-text-50c1af7c\" href=\"\/play\/\">DEMO M\u00d3DBAN J\u00c1TSZANI<\/a>\n<\/div>\n\n\n\n<div class=\"wp-block-column is-layout-flow wp-block-column-is-layout-flow\">\n<a class=\"gb-text gb-text-6d7e1e7e\" href=\"\/play\/\">VAL\u00d3DI P\u00c9NZBEN J\u00c1TSZANI<\/a>\n<\/div>\n\n\n\n<div class=\"wp-block-column is-layout-flow wp-block-column-is-layout-flow\" style=\"flex-basis:20px\"><\/div>\n<\/div>\n<\/div>\n<\/div>\n<\/div>\n<\/section>\n\n\n\n<div class=\"gb-element-ae48acc7\">\n<h1 class=\"wp-block-heading\">Uncrossable Rush v\u00e9lem\u00e9nyek: az \u00edt\u00e9let\u00fcnk err\u0151l a csirkej\u00e1t\u00e9kr\u00f3l<\/h1>\n\n\n\n<p>F\u00e9lsz att\u00f3l, hogy elvesz\u00edted a t\u00e9tet egy ismeretlen szerencsej\u00e1t\u00e9kon, \u00e9s \u0151szinte v\u00e9lem\u00e9nyt keresel az Uncrossable Rush-r\u0151l, hogy fedezd a strat\u00e9gi\u00e1dat? Technikai elemz\u00e9s\u00fcnk lebontja az Evoplay ezen c\u00edm\u00e9nek teljes\u00edtm\u00e9ny\u00e9t, hogy <strong>az Eggwina minden egyes l\u00e9p\u00e9s\u00e9t k\u00e9zzelfoghat\u00f3 profitlehet\u0151s\u00e9gg\u00e9 alak\u00edtja \u00e1t<\/strong>. Itt el\u00e1ruljuk, hogyan szel\u00edd\u00edtsd meg a volatilit\u00e1st, hogy 10 000-szeres szorz\u00f3t \u00e9rj el an\u00e9lk\u00fcl, hogy v\u00e9gzetes balesetet szenvedn\u00e9l.<\/p>\n\n\n\n<ol class=\"wp-block-list\">\n<li><a href=\"#mechanika-gry-rozgrywka-uncrossable-rush\">J\u00e1t\u00e9kmechanika \u00e9s j\u00e1t\u00e9kmenet az Uncrossable Rush-ben<\/a><\/li>\n\n\n\n<li><a href=\"#statystyki-techniczne-poziomy-trudnosci\">Technikai statisztik\u00e1k \u00e9s neh\u00e9zs\u00e9gi szintek<\/a><\/li>\n\n\n\n<li><a href=\"#opcje-automatyzacji-dostepnosc-tytulu\">Automatiz\u00e1l\u00e1si lehet\u0151s\u00e9gek \u00e9s c\u00edmek el\u00e9rhet\u0151s\u00e9ge<\/a><\/li>\n\n\n\n<li><a href=\"#ostateczny-werdykt-porownanie-wariantow\">V\u00e9gs\u0151 \u00edt\u00e9let \u00e9s a lehet\u0151s\u00e9gek \u00f6sszehasonl\u00edt\u00e1sa<\/a><\/li>\n<\/ol>\n\n\n\n<h2 class=\"wp-block-heading\" id=\"mechanika-gry-rozgrywka-uncrossable-rush\">J\u00e1t\u00e9kmechanika \u00e9s j\u00e1t\u00e9kmenet az Uncrossable Rush-ben<\/h2>\n\n\n\n<p>Felejts\u00fck el egy pillanatra a klasszikus nyer\u0151g\u00e9peket, \u00e9s n\u00e9zz\u00fck meg, hogyan m\u0171k\u00f6dik ez a c\u00edm az Evoplay-t\u0151l <strong>felfriss\u00edt egy nagyszer\u0171 arcade klasszikus<\/strong> egy csipetnyi p\u00e9nz\u00fcgyi adrenalinnal.<\/p>\n\n\n\n<h3 class=\"wp-block-heading\">Eggwines csirke szab\u00e1ly az aut\u00f3p\u00e1ly\u00e1n<\/h3>\n\n\n\n<p>\u00d6n Eggwina, egy rettenthetetlen ty\u00fak szerep\u00e9t j\u00e1tssza, akinek a k\u00f6vetkez\u0151 feladatai vannak <strong>\u00e1tkelni egy forgalmas \u00faton, hogy t\u00fal\u00e9lje<\/strong>. Ezt a koncepci\u00f3t egy\u00e9rtelm\u0171en az olyan retro j\u00e1t\u00e9kok ihlett\u00e9k, mint a Frogger vagy a Crossy Road. Ez egy olyan kih\u00edv\u00e1s, amely azonnali reflexeket ig\u00e9nyel.<\/p>\n\n\n\n<p>Az \u00fatvonal 24 egym\u00e1st k\u00f6vet\u0151 s\u00e1vb\u00f3l \u00e1ll, amelyeken egym\u00e1s ut\u00e1n kell \u00e1thaladni. Minden sikeres l\u00e9p\u00e9s incidens n\u00e9lk\u00fcl <strong>k\u00f6zvetlen\u00fcl n\u00f6veli a j\u00e1t\u00e9kos potenci\u00e1lis nyerem\u00e9ny\u00e9t<\/strong>. A fejl\u0151d\u00e9s line\u00e1ris, de vesz\u00e9lyes.<\/p>\n\n\n\n<p>A cselekm\u00e9ny helysz\u00edne <strong>k\u00f6ny\u00f6rtelen v\u00e1rosi k\u00f6rnyezet<\/strong>. Az aut\u00f3k teljesen v\u00e9letlenszer\u0171en mozognak az aszfalton.<\/p>\n\n\n\n<h3 class=\"wp-block-heading\">Kock\u00e1zatkezel\u00e9s a nyerem\u00e9nyek beszed\u00e9sekor<\/h3>\n\n\n\n<p>Itt az igazi dilemma: most meg\u00e1llsz, vagy megpr\u00f3b\u00e1lsz m\u00e9g egy l\u00e9p\u00e9st tenni? Minden pillanatban el kell d\u00f6ntenie, hogy megv\u00e9di-e a jelenlegi nyeres\u00e9g\u00e9t. Egy \u00fctk\u00f6z\u00e9s egy j\u00e1rm\u0171vel <strong>azonnal t\u00f6rli az \u00f6sszes felhalmozott nyerem\u00e9nyt<\/strong>.<\/p>\n\n\n\n<p>Az azonnali k\u00e9szp\u00e9nzfelv\u00e9tel (cash out) gomb az egyetlen v\u00e9szkij\u00e1rat. Ez lehet\u0151v\u00e9 teszi, hogy a <strong>a p\u00e9nz v\u00e9gre a zsebedben<\/strong>.<\/p>\n\n\n\n<p>A forgalom fesz\u00fclts\u00e9ge \u00e9rezhet\u0151v\u00e9 v\u00e1lik. Min\u00e9l k\u00f6zelebb ker\u00fclsz a c\u00e9lvonalhoz, ann\u00e1l <strong>a stressz dr\u00e1maian megn\u0151<\/strong>.<\/p>\n\n\n\n<h3 class=\"wp-block-heading\">A felhaszn\u00e1l\u00f3i \u00e9lm\u00e9ny egyszer\u0171s\u00e9ge \u00e9s g\u00f6rd\u00fcl\u00e9kenys\u00e9ge<\/h3>\n\n\n\n<p>A k\u00f6r\u00f6k sebess\u00e9ge leny\u0171g\u00f6z\u0151 az ilyen t\u00edpus\u00fa j\u00e1t\u00e9khoz k\u00e9pest. <strong>A t\u00e9telek \u00e1ll\u00e1sid\u0151 n\u00e9lk\u00fcl k\u00f6vetik egym\u00e1st<\/strong> a felhaszn\u00e1l\u00f3 sz\u00e1m\u00e1ra.<\/p>\n\n\n\n<p>A rajzfilmes eszt\u00e9tika nagyon er\u0151s vizu\u00e1lis identit\u00e1st k\u00f6lcs\u00f6n\u00f6z a j\u00e1t\u00e9knak. A grafika sz\u00ednes, a hangeffektek pedig an\u00e9lk\u00fcl fokozz\u00e1k a j\u00e1t\u00e9kban val\u00f3 elmer\u00fcl\u00e9st, hogy tolakod\u00f3ak lenn\u00e9nek. Ez <strong>tiszta \u00e9s hat\u00e9kony<\/strong>.<\/p>\n\n\n\n<p><strong>A rendelkez\u00e9sre \u00e1ll\u00e1s teljes<\/strong> ebben a c\u00edmben. Egy kezd\u0151 j\u00e1t\u00e9kos n\u00e9h\u00e1ny m\u00e1sodperc alatt meg\u00e9rti a szab\u00e1lyokat \u00e9s a t\u00e9teket.<\/p>\n\n\n\n<h2 class=\"wp-block-heading\" id=\"statystyki-techniczne-poziomy-trudnosci\">Technikai statisztik\u00e1k \u00e9s neh\u00e9zs\u00e9gi szintek<\/h2>\n\n\n\n<p>A kellemes l\u00e1tv\u00e1ny mellett a j\u00e1t\u00e9k alapja a <strong>pontos sz\u00e1mok \u00e9s \u00e1ll\u00edthat\u00f3 kock\u00e1zati be\u00e1ll\u00edt\u00e1sok<\/strong>.<\/p>\n\n\n\n<h3 class=\"wp-block-heading\">Az RTP \u00e9s a 10 000-szeres szorz\u00f3 elemz\u00e9se<\/h3>\n\n\n\n<figure class=\"wp-block-table\"><table class=\"has-fixed-layout\"><thead><tr><th>Jellemz\u0151<\/th><th>A j\u00e1t\u00e9k \u00e9rt\u00e9ke<\/th><\/tr><\/thead><tbody><tr><td>RTP<\/td><td>96.00%<\/td><\/tr><tr><td>Maxim\u00e1lis szorz\u00f3<\/td><td>10 000x<\/td><\/tr><tr><td>Max. nyerem\u00e9ny (\u20ac)<\/td><td>750 000\u20ac<\/td><\/tr><tr><td>Min. n\u00f6v\u00e9ny<\/td><td>1\u20ac<\/td><\/tr><tr><td>Max. n\u00f6v\u00e9ny<\/td><td>75\u20ac<\/td><\/tr><tr><td>Kiad\u00f3<\/td><td>Evoplay<\/td><\/tr><\/tbody><\/table><\/figure>\n\n\n\n<p>A 96,00% RTP szabv\u00e1nyos \u00e9s m\u00e9lt\u00e1nyos \u00e9rt\u00e9ket k\u00e9pvisel. Ez a megnyugtat\u00f3 mutat\u00f3 biztos\u00edtja, hogy <strong>nem adsz ar\u00e1nytalan el\u0151nyt a kaszin\u00f3nak<\/strong> hossz\u00fa t\u00e1von.<\/p>\n\n\n\n<p><strong>A maxim\u00e1lis nyerem\u00e9ny legfeljebb 750 000 EUR lehet.<\/strong> a maxim\u00e1lis t\u00e9tn\u00e9l. Ez a kolossz\u00e1lis \u00f6sszeg, amely k\u00e9pes azonnal megv\u00e1ltoztatni az \u00e9letet, messze meghaladja a t\u00f6bbi minij\u00e1t\u00e9k tipikus k\u00edn\u00e1lat\u00e1t.<\/p>\n\n\n\n<p>A 10.000-szeres szorz\u00f3 tov\u00e1bbra is a Szent Gr\u00e1l marad a kalandv\u00e1gy\u00f3 j\u00e1t\u00e9kosok sz\u00e1m\u00e1ra, amely egy kis \u00e9rm\u00e9b\u0151l egy <strong>hatalmas jackpot<\/strong>.<\/p>\n\n\n\n<h3 class=\"wp-block-heading\">Az Easy \u00e9s Hardcore m\u00f3dok k\u00f6z\u00f6tti k\u00fcl\u00f6nbs\u00e9gek<\/h3>\n\n\n\n<p>Az Easy m\u00f3d szer\u00e9ny, de gyakori nyerem\u00e9nyeket oszt ki, ami megnyugtatja a kezd\u0151ket. A Hardcore m\u00f3d viszont m\u00e1r az els\u0151 s\u00e1vokt\u00f3l kezdve hatalmas \u00f6sszegeket k\u00edn\u00e1l. A j\u00f6vedelmez\u0151s\u00e9g szempontj\u00e1b\u00f3l ez \u00e9jjel-nappal m\u00e1s: <strong>V\u00e1lassza ki a t\u00e1bor\u00e1t b\u00f6lcsen<\/strong>.<\/p>\n\n\n\n<p>A mozg\u00e1s s\u0171r\u0171s\u00e9ge dr\u00e1maian v\u00e1ltozik a kiv\u00e1lasztott neh\u00e9zs\u00e9gi szintt\u0151l f\u00fcgg\u0151en. Hardcore m\u00f3dban <strong>az aut\u00f3k sz\u00e1guldoznak<\/strong>.<\/p>\n\n\n\n<p>K\u00f6nny\u0171 m\u00f3dban <strong>a gy\u0151zelmek lassan, de biztosan n\u0151nek<\/strong> minden egyes l\u00e9p\u00e9ssel, ami az ide\u00e1lis temp\u00f3, hogy tov\u00e1bb tartson.<\/p>\n\n\n\n<h3 class=\"wp-block-heading\">A forgalom volumene \u00e9s a t\u00e9nyleges v\u00e1ltoz\u00e9konys\u00e1g k\u00f6z\u00f6tti kapcsolat<\/h3>\n\n\n\n<p>A t\u00f6bb aut\u00f3 azt jelenti <strong>megn\u00f6vekedett volatilit\u00e1s<\/strong>. Minden egyes pr\u00f3b\u00e1lkoz\u00e1ssal drasztikusan megn\u0151 a buk\u00e1s es\u00e9lye, de ez az \u00e1ra annak, hogy megc\u00e9lozd a f\u0151d\u00edjat.<\/p>\n\n\n\n<p>A j\u00e1rm\u0171vek eloszt\u00e1s\u00e1r\u00f3l egy v\u00e9letlensz\u00e1m-gener\u00e1tor d\u00f6nt. Senki sem tudja megj\u00f3solni, hogy a k\u00f6vetkez\u0151 l\u00e9p\u00e9s biztons\u00e1gos vagy v\u00e9gzetes lesz-e; <strong>minden ezen a p\u00e1rtatlan matematikai sz\u00e1m\u00edt\u00e1son alapul.<\/strong>.<\/p>\n\n\n\n<p>Az \u00f3vatos j\u00e1t\u00e9kosok \u00e9sszer\u0171en maradnak az Easy m\u00f3dban. Nincs \u00e9rtelme k\u00eds\u00e9rteni a sorsot, ha a <strong>a banksz\u00e1mla nem teszi lehet\u0151v\u00e9<\/strong>.<\/p>\n\n\n\n<h2 class=\"wp-block-heading\" id=\"opcje-automatyzacji-dostepnosc-tytulu\">Automatiz\u00e1l\u00e1si lehet\u0151s\u00e9gek \u00e9s c\u00edmek el\u00e9rhet\u0151s\u00e9ge<\/h2>\n\n\n\n<p>Azok sz\u00e1m\u00e1ra, akik a m\u00f3dszeresebb megk\u00f6zel\u00edt\u00e9st r\u00e9szes\u00edtik el\u0151nyben, az Evoplay integr\u00e1lt egy <strong>gyakorlati eszk\u00f6z\u00f6k a j\u00e1t\u00e9k\u00fcl\u00e9sek ir\u00e1ny\u00edt\u00e1s\u00e1hoz<\/strong>.<\/p>\n\n\n\n<h3 class=\"wp-block-heading\">Autoplay \u00fczemm\u00f3d konfigur\u00e1ci\u00f3ja \u00e9s fogad\u00e1si strat\u00e9gi\u00e1k<\/h3>\n\n\n\n<p>Automatikusan le\u00e1ll\u00edthatja a fogad\u00e1st, ha el\u00e9r egy nyeres\u00e9g- vagy vesztes\u00e9gk\u00fcsz\u00f6b\u00f6t. Ez a <strong>a sz\u00fcks\u00e9ges biztos\u00edt\u00e9k arra, hogy ne vesz\u00edts\u00e9k el a t\u0151k\u00e9t<\/strong> hirtelen felindul\u00e1sb\u00f3l.<\/p>\n\n\n\n<p>A j\u00e1t\u00e9kos hat\u00e1rozza meg az egym\u00e1st k\u00f6vet\u0151 fordul\u00f3k pontos sz\u00e1m\u00e1t is. Be\u00e1ll\u00edthatja, hogy a t\u00e9t a nyerem\u00e9ny ut\u00e1n n\u00f6vekedjen vagy cs\u00f6kkenjen, amely <strong>teljesen automatiz\u00e1lja a kock\u00e1zatkezel\u00e9st<\/strong>.<\/p>\n\n\n\n<p>Autoplay <strong>megk\u00f6nny\u00edti a strat\u00e9gi\u00e1k alkalmaz\u00e1s\u00e1t<\/strong> mint p\u00e9ld\u00e1ul a Martingale, folyamatos k\u00e9zi beavatkoz\u00e1s n\u00e9lk\u00fcl.<\/p>\n\n\n\n<h3 class=\"wp-block-heading\">Demo m\u00f3d el\u00e9rhet\u0151 a k\u00e9pz\u00e9shez<\/h3>\n\n\n\n<p>Az ingyenes verzi\u00f3 ide\u00e1lis eszk\u00f6z a k\u00f6vetkez\u0151kh\u00f6z <strong>n\u00e9gy neh\u00e9zs\u00e9gi szint tesztel\u00e9se<\/strong> nincs stressz. A Hardcore m\u00f3dban megtanulhatod, hogyan sz\u00e1m\u00edts a s\u0171r\u0171 forgalomra, miel\u0151tt egy fill\u00e9rt is felteszel.<\/p>\n\n\n\n<p>Itt fikt\u00edv kreditek\u00e9rt j\u00e1tszunk, hogy elsaj\u00e1t\u00edtsuk a mechanik\u00e1t. Ez az a pillanat, amikor <strong>hib\u00e1k elk\u00f6vet\u00e9se \u00e9s meg\u00e9rt\u00e9s<\/strong>mikor kattinthatsz a \"Collect\" gombra an\u00e9lk\u00fcl, hogy kock\u00e1ztatn\u00e1d a saj\u00e1t p\u00e9nzedet.<\/p>\n\n\n\n<p>Az algoritmusok pontosan ugyanazok maradnak: demo <strong>h\u0171en t\u00fckr\u00f6zi a fizetett j\u00e1t\u00e9k val\u00f3s\u00e1g\u00e1t<\/strong>.<\/p>\n\n\n\n<h3 class=\"wp-block-heading\">M\u0171szaki teljes\u00edtm\u00e9ny mobil eszk\u00f6z\u00f6k\u00f6n<\/h3>\n\n\n\n<p><strong>Az \u00e9rint\u00e9si ergon\u00f3mia t\u00f6k\u00e9letesen illeszkedik<\/strong> kis okostelefon-k\u00e9perny\u0151kre. A gombok t\u00f6k\u00e9letesen vannak elhelyezve a h\u00fcvelykujjas j\u00e1t\u00e9khoz.<\/p>\n\n\n\n<p>\u00dagy vettem \u00e9szre, hogy az Eggwine mozg\u00e1sa tableteken \u00e9s \u00fajabb telefonokon is z\u00f6kken\u0151mentes marad. <strong>A k\u00e9sedelem nem rontja a pontos id\u0151z\u00edt\u00e9st<\/strong> sz\u00fcks\u00e9ges a kaotikus aut\u00f3p\u00e1ly\u00e1n val\u00f3 navig\u00e1l\u00e1shoz.<\/p>\n\n\n\n<p>A j\u00e1t\u00e9k megkezd\u00e9s\u00e9hez nincs sz\u00fcks\u00e9g let\u00f6lt\u00e9sre. <strong>Minden egy webb\u00f6ng\u00e9sz\u0151n kereszt\u00fcl t\u00f6rt\u00e9nik<\/strong>.<\/p>\n\n\n\n<h2 class=\"wp-block-heading\" id=\"ostateczny-werdykt-porownanie-wariantow\">V\u00e9gs\u0151 \u00edt\u00e9let \u00e9s a lehet\u0151s\u00e9gek \u00f6sszehasonl\u00edt\u00e1sa<\/h2>\n\n\n\n<p>Miel\u0151tt befejezn\u00e9nk ezt az elemz\u00e9st, <strong>hasonl\u00edtsuk \u00f6ssze az eredetit az \u00fcnnepi v\u00e1ltozat\u00e1val<\/strong>hogy l\u00e1ssuk, val\u00f3ban v\u00e1ltozik-e a j\u00e1t\u00e9k l\u00e9nyege.<\/p>\n\n\n\n<h3 class=\"wp-block-heading\">\u00d6sszehasonl\u00edt\u00e1s az Uncrossable Rush X-mas verzi\u00f3val<\/h3>\n\n\n\n<p>Azonnal \u00e9szrevessz\u00fck a hangulatot: Eggwina \u00fcnnepi ruh\u00e1t \u00f6lt a h\u00f3 k\u00f6zep\u00e9n. Ez <strong>vizu\u00e1lisan melegebb, t\u00e9li \u00e9rint\u00e9ssel<\/strong>ami megv\u00e1ltoztatja egy tipikus aut\u00f3p\u00e1lya hangulat\u00e1t.<\/p>\n\n\n\n<p>Azonban ne t\u00e9vesszen meg senkit, a motorh\u00e1ztet\u0151 alatti motor ugyanaz marad. A CrossyRun mechanik\u00e1ja, mint p\u00e9ld\u00e1ul a szorz\u00f3k, megegyezik az alapverzi\u00f3val. <strong>Nincs matematikai k\u00fcl\u00f6nbs\u00e9g<\/strong>.<\/p>\n\n\n\n<p>Ez <strong>kellemes lehet\u0151s\u00e9g<\/strong>, t\u00f6k\u00e9letes az \u00e9v v\u00e9gi \u00fcnneps\u00e9gekre val\u00f3 r\u00e1hangol\u00f3d\u00e1shoz.<\/p>\n\n\n\n<h3 class=\"wp-block-heading\">Az Evoplay minij\u00e1t\u00e9k \u00e1ltal\u00e1nos \u00e9rt\u00e9kel\u00e9se \u00e9s megb\u00edzhat\u00f3s\u00e1ga<\/h3>\n\n\n\n<p>A v\u00e9lem\u00e9nyem egy\u00e9rtelm\u0171: a sz\u00f3rakoz\u00e1s azonnali, \u00e9s az adrenalin gyorsan felgyorsul. Ami a megb\u00edzhat\u00f3s\u00e1got illeti, az Evoplay garant\u00e1lja a teljes integrit\u00e1st a hiteles\u00edtett RNG-vel. Ez <strong>egy szil\u00e1rd, becs\u00fcletes c\u00edm, amely lelkiismeretesen betartja a jelenlegi szabv\u00e1nyokat<\/strong> j\u00e1t\u00e9kipar.<\/p>\n\n\n\n<p>A CrossyRun licenc hivatalos haszn\u00e1lata biztos\u00edtja a k\u00f6vetkez\u0151ket <strong>szil\u00e1rd m\u0171szaki strukt\u00fara<\/strong>, t\u00e1vol a n\u00e9ha fellelhet\u0151 k\u00e9tes m\u00e1solatokt\u00f3l.<\/p>\n\n\n\n<p>A cselekv\u00e9s gyorsas\u00e1ga \u00e9s az azonnali el\u00e9rhet\u0151s\u00e9g uralja az \u00e9lm\u00e9nyt, \u00edgy minden egyes <strong>a foglalkoz\u00e1s intenz\u00edv<\/strong>.<\/p>\n\n\n\n<h3 class=\"wp-block-heading\">Strat\u00e9gi\u00e1k a siker es\u00e9lyeinek optimaliz\u00e1l\u00e1s\u00e1ra<\/h3>\n\n\n\n<ul class=\"wp-block-list\">\n<li>Kezdje a <strong>kis ar\u00e1nyok Easy m\u00f3dban<\/strong><\/li>\n\n\n\n<li><strong>\u00c1ll\u00edtson fel egy win-win c\u00e9lt<\/strong><\/li>\n\n\n\n<li><strong>Haszn\u00e1lja a k\u00e9szp\u00e9nzfelv\u00e9telt<\/strong> 3 vagy 4 s\u00e1v \u00e1thalad\u00e1sa ut\u00e1n<\/li>\n\n\n\n<li><strong>Soha ne pr\u00f3b\u00e1ld meg behozni a vesztes\u00e9geket<\/strong><\/li>\n<\/ul>\n\n\n\n<p>Legy\u00fcnk \u0151szint\u00e9k, a k\u00f6nny\u0171 profit ut\u00e1ni v\u00e1gy itt a legnagyobb ellens\u00e9ged. Jobb, ha az els\u0151 szinteken kis, rendszeres nyeres\u00e9gre t\u00f6reksz\u00fcnk. Ha szigor\u00faan kezeli a t\u0151k\u00e9j\u00e9t, elker\u00fclheti a kellemetlen meglepet\u00e9seket. <strong>Kulcsfontoss\u00e1g\u00fa tudni, mikor kell meg\u00e1llni<\/strong>.<\/p>\n\n\n\n<p>Soha ne felejts\u00fck el, hogy a pszich\u00e9 ugyanolyan szerepet j\u00e1tszik, mint a boldogs\u00e1g. <strong>A v\u00e9letlen marad az abszol\u00fat \u00far<\/strong> az Uncrossable Rush \u00faton, f\u00fcggetlen\u00fcl att\u00f3l, hogy milyen technik\u00e1t gondolsz, hogy m\u00e1r elsaj\u00e1t\u00edtottad.<\/p>\n\n\n\n<p>Ez a c\u00edm az Evoplay-t\u0151l \u00fajra feltal\u00e1lja az arcade m\u0171fajt egy <strong>a t\u00e9t ak\u00e1r 10.000-szeres\u00e9nek megfelel\u0151 nyer\u00e9si potenci\u00e1l<\/strong>. Uncrossable Rush fel\u00fclvizsg\u00e1latunk kiemeli a z\u00f6kken\u0151mentes \u00e9lm\u00e9nyt, ahol minden \u00e1tmenet nagy nyeres\u00e9get hozhat. Kezdje el ingyenes munkamenet\u00e9t most, hogy elsaj\u00e1t\u00edtsa a forgalmat \u00e9s biztos\u00edtsa az els\u0151 nyeres\u00e9get.<\/p>\n<\/div>","protected":false},"excerpt":{"rendered":"<p>Uncrossable Rush: opinia o tej grze na zarabianie pieni\u0119dzy. Jaka strategia? Zagraj teraz w UNCROSSABLE RUSH z prawdziw\u0105 strategi\u0105, aby w ko\u0144cu zacz\u0105\u0107 zarabia\u0107 pieni\u0105dze. Skorzystaj z bonusu powitalnego 300% do 5000 \u20ac. GRAJ W TRYBIE DEMO GRAJ NA PRAWDZIWE PIENI\u0104DZE Opinie o Uncrossable Rush: nasz werdykt o tej grze z kurczakiem Czy boisz si\u0119 &#8230; <a title=\"home1\" class=\"read-more\" href=\"https:\/\/uncrossablerushrush.pl\/hu\/\" aria-label=\"Read more about home1\">Olvass tov\u00e1bb<\/a><\/p>","protected":false},"author":1,"featured_media":0,"parent":0,"menu_order":0,"comment_status":"closed","ping_status":"closed","template":"","meta":{"footnotes":""},"class_list":["post-58","page","type-page","status-publish"],"_links":{"self":[{"href":"https:\/\/uncrossablerushrush.pl\/hu\/wp-json\/wp\/v2\/pages\/58","targetHints":{"allow":["GET"]}}],"collection":[{"href":"https:\/\/uncrossablerushrush.pl\/hu\/wp-json\/wp\/v2\/pages"}],"about":[{"href":"https:\/\/uncrossablerushrush.pl\/hu\/wp-json\/wp\/v2\/types\/page"}],"author":[{"embeddable":true,"href":"https:\/\/uncrossablerushrush.pl\/hu\/wp-json\/wp\/v2\/users\/1"}],"replies":[{"embeddable":true,"href":"https:\/\/uncrossablerushrush.pl\/hu\/wp-json\/wp\/v2\/comments?post=58"}],"version-history":[{"count":58,"href":"https:\/\/uncrossablerushrush.pl\/hu\/wp-json\/wp\/v2\/pages\/58\/revisions"}],"predecessor-version":[{"id":268,"href":"https:\/\/uncrossablerushrush.pl\/hu\/wp-json\/wp\/v2\/pages\/58\/revisions\/268"}],"wp:attachment":[{"href":"https:\/\/uncrossablerushrush.pl\/hu\/wp-json\/wp\/v2\/media?parent=58"}],"curies":[{"name":"wp","href":"https:\/\/api.w.org\/{rel}","templated":true}]}}