{"id":58,"date":"2025-10-28T04:39:00","date_gmt":"2025-10-28T04:39:00","guid":{"rendered":"https:\/\/uncrossablerushrush.pl\/?page_id=58"},"modified":"2026-02-06T10:35:49","modified_gmt":"2026-02-06T10:35:49","slug":"home1","status":"publish","type":"page","link":"https:\/\/uncrossablerushrush.pl\/lv\/","title":{"rendered":"home1"},"content":{"rendered":"<section class=\"gb-element-c0819d6c banner\">\n<div class=\"gb-element-0659d418\">\n<div class=\"wp-block-columns is-layout-flex wp-container-core-columns-is-layout-9d6595d7 wp-block-columns-is-layout-flex\">\n<div class=\"wp-block-column is-layout-flow wp-block-column-is-layout-flow\">\n<h2 class=\"gb-text gb-text-155ce4c1\">Uncrossable Rush: viedoklis par \u0161o naudas peln\u012b\u0161anas sp\u0113li. Kura strat\u0113\u0123ija?<\/h2>\n\n\n\n<p class=\"has-text-align-center has-base-3-color has-text-color has-link-color wp-elements-4aa20eab2be4f2b0a2cb688ef0636131\"><strong>Sp\u0113l\u0113jiet tagad <strong>NEP\u0100RVARAMA STEIGA<\/strong> ar re\u0101lu strat\u0113\u0123iju, lai beidzot s\u0101ktu peln\u012bt naudu. Izmantojiet priek\u0161roc\u012bbas <strong>300% bonuss l\u012bdz \u20ac 5,000<\/strong>.<\/strong><\/p>\n\n\n\n<div class=\"wp-block-columns is-layout-flex wp-container-core-columns-is-layout-9d6595d7 wp-block-columns-is-layout-flex\">\n<div class=\"wp-block-column is-layout-flow wp-block-column-is-layout-flow\" style=\"flex-basis:20px\"><\/div>\n\n\n\n<div class=\"wp-block-column is-layout-flow wp-block-column-is-layout-flow\">\n<a class=\"gb-text gb-text-50c1af7c\" href=\"\/play\/\">SP\u0112L\u0112T DEMO RE\u017d\u012aM\u0100<\/a>\n<\/div>\n\n\n\n<div class=\"wp-block-column is-layout-flow wp-block-column-is-layout-flow\">\n<a class=\"gb-text gb-text-6d7e1e7e\" href=\"\/play\/\">SP\u0112L\u0112T UZ NAUDU<\/a>\n<\/div>\n\n\n\n<div class=\"wp-block-column is-layout-flow wp-block-column-is-layout-flow\" style=\"flex-basis:20px\"><\/div>\n<\/div>\n<\/div>\n<\/div>\n<\/div>\n<\/section>\n\n\n\n<div class=\"gb-element-ae48acc7\">\n<h1 class=\"wp-block-heading\">Uncrossable Rush atsauksmes: m\u016bsu spriedums par \u0161o vistas sp\u0113li<\/h1>\n\n\n\n<p>Vai j\u016bs baid\u0101ties zaud\u0113t savu likmi uz nepaz\u012bstamu azartsp\u0113li un mekl\u0113jat god\u012bgu viedokli par Uncrossable Rush, lai apdro\u0161in\u0101tu savu strat\u0113\u0123iju? M\u016bsu tehniskaj\u0101 anal\u012bz\u0113 m\u0113s sadal\u0101m \u0161\u012b Evoplay titula sniegumu, lai <strong>p\u0101rv\u0113rst katru Eggwina soli par taust\u0101mu pe\u013c\u0146as g\u016b\u0161anas iesp\u0113ju.<\/strong>. \u0160eit m\u0113s atkl\u0101sim, k\u0101 pieradin\u0101t sv\u0101rst\u012bgumu, lai sasniegtu 10 000x reizin\u0101t\u0101ju bez let\u0101las av\u0101rijas.<\/p>\n\n\n\n<ol class=\"wp-block-list\">\n<li><a href=\"#mechanika-gry-rozgrywka-uncrossable-rush\">Sp\u0113\u013cu meh\u0101nika un sp\u0113le Uncrossable Rush sp\u0113l\u0113<\/a><\/li>\n\n\n\n<li><a href=\"#statystyki-techniczne-poziomy-trudnosci\">Tehnisk\u0101 statistika un gr\u016bt\u012bbas pak\u0101pes<\/a><\/li>\n\n\n\n<li><a href=\"#opcje-automatyzacji-dostepnosc-tytulu\">Automatiz\u0101cijas iesp\u0113jas un nosaukuma pieejam\u012bba<\/a><\/li>\n\n\n\n<li><a href=\"#ostateczny-werdykt-porownanie-wariantow\">Gal\u012bgais spriedums un iesp\u0113ju sal\u012bdzin\u0101jums<\/a><\/li>\n<\/ol>\n\n\n\n<h2 class=\"wp-block-heading\" id=\"mechanika-gry-rozgrywka-uncrossable-rush\">Sp\u0113\u013cu meh\u0101nika un sp\u0113le Uncrossable Rush sp\u0113l\u0113<\/h2>\n\n\n\n<p>Uz br\u012bdi aizmirs\u012bsim par klasiskajiem sp\u0113\u013cu autom\u0101tiem un redz\u0113sim, k\u0101 \u0161is Evoplay nosaukums. <strong>atsvaidzina lielisku arcade klasiku<\/strong> ar finan\u0161u adrenal\u012bna piedevu.<\/p>\n\n\n\n<h3 class=\"wp-block-heading\">Eggwines vistas noteikumi uz \u0161osejas<\/h3>\n\n\n\n<p>J\u016bs sp\u0113l\u0113jat Eggv\u012bnas - bezbail\u012bgas vistas lomu, kurai ir <strong>\u0161\u0137\u0113rsot aiz\u0146emtu ce\u013cu, lai izdz\u012bvotu<\/strong>. \u0160o koncepciju nep\u0101rprotami iedvesmoju\u0161as retro sp\u0113les, piem\u0113ram, Frogger vai Crossy Road. Tas ir izaicin\u0101jums, kas prasa t\u016bl\u012bt\u0113ju refleksu.<\/p>\n\n\n\n<p>Mar\u0161rutu veido 24 sec\u012bgas joslas, kas j\u0101\u0161\u0137\u0113rso viena p\u0113c otras. Katrs veiksm\u012bgs solis bez starpgad\u012bjumiem <strong>tie\u0161i palielina sp\u0113l\u0113t\u0101ja potenci\u0101lo vinnestu skaitu.<\/strong>. Progress ir line\u0101rs, bet b\u012bstams.<\/p>\n\n\n\n<p>Darb\u012bba notiek <strong>ne\u017e\u0113l\u012bga pils\u0113tvide<\/strong>. Automa\u0161\u012bnas pa asfaltu p\u0101rvietojas piln\u012bgi nejau\u0161i.<\/p>\n\n\n\n<h3 class=\"wp-block-heading\">Riska p\u0101rvald\u012bba, sa\u0146emot laimestus<\/h3>\n\n\n\n<p>\u0160eit ir \u012bst\u0101 dilemma: apst\u0101ties tagad vai m\u0113\u0123in\u0101t spert v\u0113l vienu soli? Katru br\u012bdi jums ir j\u0101izlemj, vai j\u016bs aizsarg\u0101jat savu pa\u0161reiz\u0113jo pe\u013c\u0146u. Viena sadursme ar transportl\u012bdzekli <strong>nekav\u0113joties anul\u0113 visus uzkr\u0101tos vinnestus.<\/strong>.<\/p>\n\n\n\n<p>T\u016bl\u012bt\u0113jas iz\u0146em\u0161anas (naudas iz\u0146em\u0161anas) poga ir vien\u012bg\u0101 av\u0101rijas izeja. T\u0101 \u013cauj jums izk\u013c\u016bt no ce\u013ca ar <strong>nauda beidzot j\u016bsu kabat\u0101<\/strong>.<\/p>\n\n\n\n<p>Satiksmes spriedze k\u013c\u016bst j\u016btama. Jo tuv\u0101k fini\u0161a l\u012bnijai tuvojies, jo <strong>strauji palielin\u0101s stress.<\/strong>.<\/p>\n\n\n\n<h3 class=\"wp-block-heading\">Lietot\u0101ja pieredzes vienk\u0101r\u0161\u012bba un pl\u016bdums<\/h3>\n\n\n\n<p>\u0160\u0101da veida sp\u0113l\u0113m ir iespaid\u012bgs raundu \u0101trums. <strong>Partijas seko viena otrai bez d\u012bkst\u0101ves.<\/strong> lietot\u0101jam.<\/p>\n\n\n\n<p>Karikat\u016bru est\u0113tika pie\u0161\u0137ir sp\u0113lei \u013coti sp\u0113c\u012bgu vizu\u0101lo identit\u0101ti. Grafika ir kr\u0101saina, un ska\u0146u efekti veicina sp\u0113les iegremd\u0113\u0161anos, bet nav uzm\u0101c\u012bgi. T\u0101 ir <strong>t\u012brs un efekt\u012bvs<\/strong>.<\/p>\n\n\n\n<p><strong>Pieejam\u012bba ir piln\u012bga<\/strong> \u0161aj\u0101 sada\u013c\u0101. Ies\u0101c\u0113js noteikumus un likmes saprat\u012bs jau p\u0113c da\u017e\u0101m sekund\u0113m.<\/p>\n\n\n\n<h2 class=\"wp-block-heading\" id=\"statystyki-techniczne-poziomy-trudnosci\">Tehnisk\u0101 statistika un gr\u016bt\u012bbas pak\u0101pes<\/h2>\n\n\n\n<p>Papildus pat\u012bkamajam vizu\u0101lajam noform\u0113jumam sp\u0113le ir balst\u012bta uz <strong>prec\u012bzi skait\u013ci un regul\u0113jami riska iestat\u012bjumi<\/strong>.<\/p>\n\n\n\n<h3 class=\"wp-block-heading\">RTP un 10 000x reizin\u0101t\u0101ja anal\u012bze<\/h3>\n\n\n\n<figure class=\"wp-block-table\"><table class=\"has-fixed-layout\"><thead><tr><th>Funkcija<\/th><th>Sp\u0113les v\u0113rt\u012bba<\/th><\/tr><\/thead><tbody><tr><td>RTP<\/td><td>96.00%<\/td><\/tr><tr><td>Maksim\u0101lais reizin\u0101t\u0101js<\/td><td>10 000x<\/td><\/tr><tr><td>Maksim\u0101lie laimesti (\u20ac)<\/td><td>750 000\u20ac<\/td><\/tr><tr><td>Min. R\u016bpn\u012bca<\/td><td>1\u20ac<\/td><\/tr><tr><td>Maksim\u0101lais augu skaits<\/td><td>75\u20ac<\/td><\/tr><tr><td>Izdev\u0113js<\/td><td>Evoplay<\/td><\/tr><\/tbody><\/table><\/figure>\n\n\n\n<p>RTP 96,00% ir standarta un taisn\u012bga v\u0113rt\u012bba. \u0160is nomierino\u0161ais r\u0101d\u012bt\u0101js nodro\u0161ina, ka <strong>j\u016bs nesniedzat nesam\u0113r\u012bgas priek\u0161roc\u012bbas kazino.<\/strong> ilgtermi\u0146\u0101.<\/p>\n\n\n\n<p><strong>Maksim\u0101lais laimests ir l\u012bdz 750 000 EUR.<\/strong> ar maksim\u0101lo likmi. \u0160\u012b milz\u012bg\u0101 summa, kas sp\u0113j uzreiz main\u012bt dz\u012bvi, iev\u0113rojami p\u0101rsniedz citu mini sp\u0113\u013cu parasto pied\u0101v\u0101jumu.<\/p>\n\n\n\n<p>10 000x reizin\u0101t\u0101js joproj\u0101m ir piedz\u012bvojumu alksto\u0161o sp\u0113l\u0113t\u0101ju Sv\u0113tais Gr\u0101lijs, kas p\u0101rv\u0113r\u0161 nelielu mon\u0113tu par <strong>milz\u012bgs d\u017eekpots<\/strong>.<\/p>\n\n\n\n<h3 class=\"wp-block-heading\">At\u0161\u0137ir\u012bbas starp Easy un Hardcore re\u017e\u012bmiem<\/h3>\n\n\n\n<p>Viegl\u0101 re\u017e\u012bm\u0101 var g\u016bt pietic\u012bgus, bet bie\u017eus vinnestus, kas nomierina ies\u0101c\u0113jus. Savuk\u0101rt Hardcore re\u017e\u012bm\u0101 jau no pirmajiem ce\u013ciem var vinn\u0113t milz\u012bgas summas. Izdev\u012bguma zi\u0146\u0101 tas ir k\u0101 dien\u0101 un nakt\u012b: <strong>gudri izv\u0113lieties nometni<\/strong>.<\/p>\n\n\n\n<p>P\u0101rvieto\u0161an\u0101s bl\u012bvums krasi main\u0101s atkar\u012bb\u0101 no izv\u0113l\u0113t\u0101 gr\u016bt\u012bbas l\u012bme\u0146a. Hardcore re\u017e\u012bm\u0101 <strong>automa\u0161\u012bnas p\u0101rsniedz \u0101trumu<\/strong>.<\/p>\n\n\n\n<p>Viegl\u0101 re\u017e\u012bm\u0101 <strong>uzvaras aug l\u0113ni, bet p\u0101rliecino\u0161i<\/strong> ar katru soli, kas ir ide\u0101ls temps, lai tas ilg\u0101k kalpotu.<\/p>\n\n\n\n<h3 class=\"wp-block-heading\">Attiec\u012bba starp satiksmes intensit\u0101ti un faktisko main\u012bgumu<\/h3>\n\n\n\n<p>Vair\u0101k automa\u0161\u012bnu noz\u012bm\u0113 <strong>paaugstin\u0101ts sv\u0101rst\u012bgums<\/strong>. Ar katru m\u0113\u0123in\u0101jumu krasi palielin\u0101s j\u016bsu izredzes avar\u0113t, ta\u010du t\u0101 ir cena, kas j\u0101maks\u0101, lai sasniegtu galveno balvu.<\/p>\n\n\n\n<p>Transportl\u012bdzek\u013cu sadal\u012bjumu nosaka nejau\u0161o skait\u013cu \u0123enerators. Neviens nevar paredz\u0113t, vai n\u0101kamais solis b\u016bs dro\u0161s vai likten\u012bgs; <strong>viss ir balst\u012bts uz \u0161o objekt\u012bvu matem\u0101tisku apr\u0113\u0137inu.<\/strong>.<\/p>\n\n\n\n<p>Piesardz\u012bgi sp\u0113l\u0113t\u0101ji paliks sapr\u0101t\u012bgi viegl\u0101 re\u017e\u012bm\u0101. Nav j\u0113gas k\u0101rdin\u0101t likteni, ja j\u016bsu <strong>bankroll to ne\u013cauj<\/strong>.<\/p>\n\n\n\n<h2 class=\"wp-block-heading\" id=\"opcje-automatyzacji-dostepnosc-tytulu\">Automatiz\u0101cijas iesp\u0113jas un nosaukuma pieejam\u012bba<\/h2>\n\n\n\n<p>Tiem, kas dod priek\u0161roku metodisk\u0101kai pieejai, Evoplay ir integr\u0113jis <strong>praktiski r\u012bki sp\u0113\u013cu sesiju vad\u012b\u0161anai<\/strong>.<\/p>\n\n\n\n<h3 class=\"wp-block-heading\">Autosp\u0113les re\u017e\u012bma konfigur\u0101cija un likmju strat\u0113\u0123ijas<\/h3>\n\n\n\n<p>J\u016bs varat autom\u0101tiski p\u0101rtraukt likmju lik\u0161anu, kad ir sasniegts pe\u013c\u0146as vai zaud\u0113jumu slieksnis. \u0160is <strong>nepiecie\u0161amo dro\u0161\u012bbu, lai nezaud\u0113tu kapit\u0101lu<\/strong> p\u0113c impulsa.<\/p>\n\n\n\n<p>Sp\u0113l\u0113t\u0101js nosaka ar\u012b prec\u012bzu sec\u012bgo raundu skaitu. J\u016bs konfigur\u0113jat, vai p\u0113c uzvaras likme palielin\u0101sies vai samazin\u0101sies. <strong>piln\u012bb\u0101 automatiz\u0113 riska p\u0101rvald\u012bbu.<\/strong>.<\/p>\n\n\n\n<p>Autom\u0101tisk\u0101 atska\u0146o\u0161ana <strong>atvieglo strat\u0113\u0123iju piem\u0113ro\u0161anu.<\/strong> piem\u0113ram, Martingale, bez nepiecie\u0161am\u012bbas veikt nep\u0101rtrauktu manu\u0101lu iejauk\u0161anos.<\/p>\n\n\n\n<h3 class=\"wp-block-heading\">Apm\u0101c\u012bbai pieejams demonstr\u0101cijas re\u017e\u012bms<\/h3>\n\n\n\n<p>Bezmaksas versija ir ide\u0101ls r\u012bks <strong>p\u0101rbaud\u012bt \u010detrus gr\u016bt\u012bbas pak\u0101pes testus.<\/strong> nav stresa. Hardcore re\u017e\u012bm\u0101 j\u016bs iem\u0101c\u012bsieties prognoz\u0113t bl\u012bvu satiksmi, pirms uzliekat pat centu.<\/p>\n\n\n\n<p>\u0160eit m\u0113s sp\u0113l\u0113jam fikt\u012bvus kred\u012btus, lai apg\u016btu meh\u0101niku. \u0160is ir br\u012bdis, lai <strong>k\u013c\u016bdas un izpratne<\/strong>kad noklik\u0161\u0137in\u0101t uz \"Sav\u0101kt\", nerisk\u0113jot ar savu naudu.<\/p>\n\n\n\n<p>Algoritmi paliek nemain\u012bgi: demo <strong>prec\u012bzi atspogu\u013co apmaks\u0101tas sp\u0113les realit\u0101ti.<\/strong>.<\/p>\n\n\n\n<h3 class=\"wp-block-heading\">Tehnisk\u0101 veiktsp\u0113ja mobilaj\u0101s ier\u012bc\u0113s<\/h3>\n\n\n\n<p><strong>Sk\u0101rienekr\u0101na ergonomika ir ide\u0101li piem\u0113rota<\/strong> maziem viedt\u0101lru\u0146u ekr\u0101niem. Pogas ir lieliski izvietotas t\u0101, lai ar t\u0101m var\u0113tu sp\u0113l\u0113t ar \u012bk\u0161\u0137i.<\/p>\n\n\n\n<p>Esmu paman\u012bjis, ka Eggwine kust\u012bbas plan\u0161etdatoros un jaun\u0101kos t\u0101lru\u0146os ir vienm\u0113r\u012bgas. <strong>Nav kav\u0113\u0161an\u0101s, kas boj\u0101 prec\u012bzu laika grafiku<\/strong> nepiecie\u0161ams, lai p\u0101rvietotos pa \u0161o haotisko automa\u0123istr\u0101li.<\/p>\n\n\n\n<p>Lai s\u0101ktu sp\u0113l\u0113t, lejupiel\u0101de nav nepiecie\u0161ama. <strong>Viss tiek veikts, izmantojot t\u012bmek\u013ca p\u0101rl\u016bkprogrammu<\/strong>.<\/p>\n\n\n\n<h2 class=\"wp-block-heading\" id=\"ostateczny-werdykt-porownanie-wariantow\">Gal\u012bgais spriedums un iesp\u0113ju sal\u012bdzin\u0101jums<\/h2>\n\n\n\n<p>Pirms \u0161\u012bs anal\u012bzes nosl\u0113guma, <strong>sal\u012bdzin\u0101sim ori\u0123in\u0101lu ar t\u0101 sv\u0113tku variantu.<\/strong>lai redz\u0113tu, vai sp\u0113les b\u016bt\u012bba patie\u0161\u0101m main\u0101s.<\/p>\n\n\n\n<h3 class=\"wp-block-heading\">Sal\u012bdzin\u0101jums ar Uncrossable Rush X-mas versiju<\/h3>\n\n\n\n<p>M\u0113s uzreiz paman\u0101m atmosf\u0113ru: Eggvina uzvelk sv\u0113tku t\u0113rpu sniega vid\u016b. Tas ir <strong>vizu\u0101li silt\u0101ks, ar ziemas piesk\u0101rienu<\/strong>, kas maina tipiskas automa\u0123istr\u0101les atmosf\u0113ru.<\/p>\n\n\n\n<p>Tom\u0113r ne\u013caujiet sevi maldin\u0101t, jo dzin\u0113js zem motora p\u0101rsega ir nemain\u012bgs. CrossyRun meh\u0101nika, piem\u0113ram, reizin\u0101t\u0101ji, ir identiski pamatversijai. <strong>Nav matem\u0101tisku at\u0161\u0137ir\u012bbu<\/strong>.<\/p>\n\n\n\n<p>Tas ir <strong>pat\u012bkama iesp\u0113ja<\/strong>, kas ir lieliski piem\u0113rots, lai noska\u0146otos gada nogales svin\u012bb\u0101m.<\/p>\n\n\n\n<h3 class=\"wp-block-heading\">\u0160\u012bs Evoplay mini-sp\u0113les visp\u0101r\u0113jais v\u0113rt\u0113jums un uzticam\u012bba<\/h3>\n\n\n\n<p>Mans viedoklis ir skaidrs: jautr\u012bba ir t\u016bl\u012bt\u0113ja, un adrenal\u012bns \u0101tri uzpl\u016bst. Kas attiecas uz uzticam\u012bbu, Evoplay garant\u0113 piln\u012bgu integrit\u0101ti ar savu sertific\u0113to RNG. Tas ir <strong>pamat\u012bgs, god\u012bgs nosaukums, kas r\u016bp\u012bgi iev\u0113ro pa\u0161reiz\u0113jos standartus.<\/strong> azartsp\u0113\u013cu nozare.<\/p>\n\n\n\n<p>Ofici\u0101la CrossyRun licences izmanto\u0161ana nodro\u0161ina. <strong>stabila tehnisk\u0101 strukt\u016bra.<\/strong>, prom no ap\u0161aub\u0101m\u0101m kopij\u0101m, kuras da\u017ek\u0101rt var atrast.<\/p>\n\n\n\n<p>Darb\u012bbas \u0101trums un t\u016bl\u012bt\u0113ja pieejam\u012bba domin\u0113 pieredz\u0113, padarot katru <strong>sesija ir intens\u012bva<\/strong>.<\/p>\n\n\n\n<h3 class=\"wp-block-heading\">Strat\u0113\u0123ijas, k\u0101 optimiz\u0113t izredzes g\u016bt pan\u0101kumus<\/h3>\n\n\n\n<ul class=\"wp-block-list\">\n<li>S\u0101ciet ar <strong>nelielas likmes vieglaj\u0101 re\u017e\u012bm\u0101<\/strong><\/li>\n\n\n\n<li><strong>Izvirziet abpus\u0113ji izdev\u012bgu m\u0113r\u0137i<\/strong><\/li>\n\n\n\n<li><strong>Izmantot skaidras naudas iz\u0146em\u0161anu<\/strong> p\u0113c tam, kad ir izbrauktas 3 vai 4 joslas.<\/li>\n\n\n\n<li><strong>Nekad necentieties kompens\u0113t zaud\u0113jumus<\/strong><\/li>\n<\/ul>\n\n\n\n<p>B\u016bsim god\u012bgi, v\u0113lme g\u016bt vieglu pe\u013c\u0146u ir j\u016bsu \u013caun\u0101kais ienaidnieks. Pirmajos l\u012bme\u0146os lab\u0101k ir tiekties uz nelielu, regul\u0101ru pe\u013c\u0146u. Stingri p\u0101rvaldot savu kapit\u0101lu, j\u016bs varat izvair\u012bties no nepat\u012bkamiem p\u0101rsteigumiem. <strong>Galvenais ir zin\u0101t, kad apst\u0101ties<\/strong>.<\/p>\n\n\n\n<p>Nekad neaizmirstiet, ka psihei ir t\u0101da pati loma k\u0101 laimei. <strong>Nejau\u0161\u012bba joproj\u0101m ir absol\u016bts meistars<\/strong> uz Uncrossable Rush ce\u013ca, neatkar\u012bgi no t\u0101, k\u0101du tehniku, j\u016bsupr\u0101t, esat apguvis.<\/p>\n\n\n\n<p>\u0160\u012b Evoplay sada\u013ca no jauna atkl\u0101j ark\u0101des \u017eanru ar <strong>laimestu potenci\u0101ls l\u012bdz pat 10 000 rei\u017eu liel\u0101ks par likmi.<\/strong>. M\u016bsu Uncrossable Rush p\u0101rskat\u0101 ir uzsv\u0113rta nevainojama pieredze, kur katra p\u0101reja var dot lielu pe\u013c\u0146u. S\u0101ciet savu bezmaksas sesiju tagad, lai apg\u016btu satiksmi un nodro\u0161in\u0101tu savu pirmo pe\u013c\u0146u.<\/p>\n<\/div>","protected":false},"excerpt":{"rendered":"<p>Uncrossable Rush: opinia o tej grze na zarabianie pieni\u0119dzy. Jaka strategia? Zagraj teraz w UNCROSSABLE RUSH z prawdziw\u0105 strategi\u0105, aby w ko\u0144cu zacz\u0105\u0107 zarabia\u0107 pieni\u0105dze. Skorzystaj z bonusu powitalnego 300% do 5000 \u20ac. GRAJ W TRYBIE DEMO GRAJ NA PRAWDZIWE PIENI\u0104DZE Opinie o Uncrossable Rush: nasz werdykt o tej grze z kurczakiem Czy boisz si\u0119 &#8230; <a title=\"home1\" class=\"read-more\" href=\"https:\/\/uncrossablerushrush.pl\/lv\/\" aria-label=\"Read more about home1\">Read more<\/a><\/p>","protected":false},"author":1,"featured_media":0,"parent":0,"menu_order":0,"comment_status":"closed","ping_status":"closed","template":"","meta":{"footnotes":""},"class_list":["post-58","page","type-page","status-publish"],"_links":{"self":[{"href":"https:\/\/uncrossablerushrush.pl\/lv\/wp-json\/wp\/v2\/pages\/58","targetHints":{"allow":["GET"]}}],"collection":[{"href":"https:\/\/uncrossablerushrush.pl\/lv\/wp-json\/wp\/v2\/pages"}],"about":[{"href":"https:\/\/uncrossablerushrush.pl\/lv\/wp-json\/wp\/v2\/types\/page"}],"author":[{"embeddable":true,"href":"https:\/\/uncrossablerushrush.pl\/lv\/wp-json\/wp\/v2\/users\/1"}],"replies":[{"embeddable":true,"href":"https:\/\/uncrossablerushrush.pl\/lv\/wp-json\/wp\/v2\/comments?post=58"}],"version-history":[{"count":58,"href":"https:\/\/uncrossablerushrush.pl\/lv\/wp-json\/wp\/v2\/pages\/58\/revisions"}],"predecessor-version":[{"id":268,"href":"https:\/\/uncrossablerushrush.pl\/lv\/wp-json\/wp\/v2\/pages\/58\/revisions\/268"}],"wp:attachment":[{"href":"https:\/\/uncrossablerushrush.pl\/lv\/wp-json\/wp\/v2\/media?parent=58"}],"curies":[{"name":"wp","href":"https:\/\/api.w.org\/{rel}","templated":true}]}}