{"id":58,"date":"2025-10-28T04:39:00","date_gmt":"2025-10-28T04:39:00","guid":{"rendered":"https:\/\/uncrossablerushrush.pl\/?page_id=58"},"modified":"2026-02-06T10:35:49","modified_gmt":"2026-02-06T10:35:49","slug":"home1","status":"publish","type":"page","link":"https:\/\/uncrossablerushrush.pl\/nl\/","title":{"rendered":"home1"},"content":{"rendered":"<section class=\"gb-element-c0819d6c banner\">\n<div class=\"gb-element-0659d418\">\n<div class=\"wp-block-columns is-layout-flex wp-container-core-columns-is-layout-9d6595d7 wp-block-columns-is-layout-flex\">\n<div class=\"wp-block-column is-layout-flow wp-block-column-is-layout-flow\">\n<h2 class=\"gb-text gb-text-155ce4c1\">Uncrossable Rush: een mening over dit geldmakende spel. Welke strategie?<\/h2>\n\n\n\n<p class=\"has-text-align-center has-base-3-color has-text-color has-link-color wp-elements-4aa20eab2be4f2b0a2cb688ef0636131\"><strong>Nu spelen in <strong>ONOVERBRUGBARE HAAST<\/strong> met een echte strategie om eindelijk geld te gaan verdienen. Profiteer van <strong>300% welkomstbonus tot \u20ac 5.000<\/strong>.<\/strong><\/p>\n\n\n\n<div class=\"wp-block-columns is-layout-flex wp-container-core-columns-is-layout-9d6595d7 wp-block-columns-is-layout-flex\">\n<div class=\"wp-block-column is-layout-flow wp-block-column-is-layout-flow\" style=\"flex-basis:20px\"><\/div>\n\n\n\n<div class=\"wp-block-column is-layout-flow wp-block-column-is-layout-flow\">\n<a class=\"gb-text gb-text-50c1af7c\" href=\"\/play\/\">SPELEN IN DEMOMODUS<\/a>\n<\/div>\n\n\n\n<div class=\"wp-block-column is-layout-flow wp-block-column-is-layout-flow\">\n<a class=\"gb-text gb-text-6d7e1e7e\" href=\"\/play\/\">VOOR ECHT GELD SPELEN<\/a>\n<\/div>\n\n\n\n<div class=\"wp-block-column is-layout-flow wp-block-column-is-layout-flow\" style=\"flex-basis:20px\"><\/div>\n<\/div>\n<\/div>\n<\/div>\n<\/div>\n<\/section>\n\n\n\n<div class=\"gb-element-ae48acc7\">\n<h1 class=\"wp-block-heading\">Uncrossable Rush beoordelingen: ons oordeel over dit kippenspel<\/h1>\n\n\n\n<p>Ben je bang om je inzet op een onbekend kansspel te verliezen en ben je op zoek naar een eerlijke mening over Uncrossable Rush om je strategie af te dekken? Onze technische analyse splitst de prestaties van deze titel van Evoplay uit naar <strong>elke stap die Eggwina neemt omzetten in een tastbare winstkans<\/strong>. Hier onthullen we hoe je de volatiliteit kunt temmen om te streven naar een vermenigvuldiger van 10.000x zonder een fatale crash te scoren.<\/p>\n\n\n\n<ol class=\"wp-block-list\">\n<li><a href=\"#mechanika-gry-rozgrywka-uncrossable-rush\">Spelmechanisme en gameplay in Uncrossable Rush<\/a><\/li>\n\n\n\n<li><a href=\"#statystyki-techniczne-poziomy-trudnosci\">Technische statistieken en moeilijkheidsgraden<\/a><\/li>\n\n\n\n<li><a href=\"#opcje-automatyzacji-dostepnosc-tytulu\">Automatiseringsopties en beschikbaarheid van titels<\/a><\/li>\n\n\n\n<li><a href=\"#ostateczny-werdykt-porownanie-wariantow\">Eindoordeel en vergelijking van opties<\/a><\/li>\n<\/ol>\n\n\n\n<h2 class=\"wp-block-heading\" id=\"mechanika-gry-rozgrywka-uncrossable-rush\">Spelmechanisme en gameplay in Uncrossable Rush<\/h2>\n\n\n\n<p>Laten we de klassieke gokkasten even vergeten en kijken hoe deze titel van Evoplay <strong>verfrist een geweldige arcadeklassieker<\/strong> met een vleugje financi\u00eble adrenaline.<\/p>\n\n\n\n<h3 class=\"wp-block-heading\">Eggwines kip heerst op de snelweg<\/h3>\n\n\n\n<p>Jij speelt de rol van Eggwina, een onverschrokken kip die <strong>een drukke weg oversteken om te overleven<\/strong>. Dit concept is duidelijk ge\u00efnspireerd op retrogames zoals Frogger of Crossy Road. Het is een uitdaging die onmiddellijke reflexen vereist.<\/p>\n\n\n\n<p>De route bestaat uit 24 opeenvolgende rijstroken die achter elkaar moeten worden afgelegd. Elke succesvolle stap zonder incidenten <strong>verhoogt direct de potenti\u00eble winst van een speler<\/strong>. Vooruitgang is lineair, maar gevaarlijk.<\/p>\n\n\n\n<p>De actie vindt plaats in <strong>meedogenloze stedelijke omgeving<\/strong>. Auto's bewegen volledig willekeurig over het asfalt.<\/p>\n\n\n\n<h3 class=\"wp-block-heading\">Risicobeheer bij het innen van winsten<\/h3>\n\n\n\n<p>Hier is het echte dilemma: stop je nu of probeer je nog een stap te zetten? Je moet op elk moment beslissen of je je huidige winst beschermt. E\u00e9n botsing met een voertuig <strong>annuleert onmiddellijk alle verzamelde winsten<\/strong>.<\/p>\n\n\n\n<p>De knop voor onmiddellijke opname (uitbetalen) is je enige nooduitgang. Hiermee kun je uit de weg gaan met <strong>Eindelijk geld op zak<\/strong>.<\/p>\n\n\n\n<p>De spanning van het verkeer wordt voelbaar. Hoe dichter je bij de finish komt, hoe <strong>stress neemt dramatisch toe<\/strong>.<\/p>\n\n\n\n<h3 class=\"wp-block-heading\">Eenvoud en vloeiendheid van de gebruikerservaring<\/h3>\n\n\n\n<p>De snelheid van de rondes is indrukwekkend voor dit type spel. <strong>De batches volgen elkaar op zonder enige downtime<\/strong> voor de gebruiker.<\/p>\n\n\n\n<p>De cartooneske esthetiek geeft het spel een zeer sterke visuele identiteit. De graphics zijn kleurrijk en de geluidseffecten versterken de onderdompeling in het spel zonder opdringerig te zijn. Het is <strong>schoon en effici\u00ebnt<\/strong>.<\/p>\n\n\n\n<p><strong>Beschikbaarheid is totaal<\/strong> in deze titel. Een beginner begrijpt de regels en de inzet binnen een paar seconden.<\/p>\n\n\n\n<h2 class=\"wp-block-heading\" id=\"statystyki-techniczne-poziomy-trudnosci\">Technische statistieken en moeilijkheidsgraden<\/h2>\n\n\n\n<p>Naast de mooie beelden is het spel gebaseerd op een <strong>nauwkeurige getallen en instelbare risico-instellingen<\/strong>.<\/p>\n\n\n\n<h3 class=\"wp-block-heading\">Analyse van de RTP en de 10 000x vermenigvuldiger<\/h3>\n\n\n\n<figure class=\"wp-block-table\"><table class=\"has-fixed-layout\"><thead><tr><th>Functie<\/th><th>Waarde van spelen<\/th><\/tr><\/thead><tbody><tr><td>RTP<\/td><td>96.00%<\/td><\/tr><tr><td>Maximale vermenigvuldigingsfactor<\/td><td>10 000x<\/td><\/tr><tr><td>Max. winst (\u20ac)<\/td><td>750 000\u20ac<\/td><\/tr><tr><td>Min. fabriek<\/td><td>1\u20ac<\/td><\/tr><tr><td>Max. plant<\/td><td>75\u20ac<\/td><\/tr><tr><td>Uitgever<\/td><td>Evoplay<\/td><\/tr><\/tbody><\/table><\/figure>\n\n\n\n<p>Een RTP van 96,00% vertegenwoordigt een standaard en eerlijke waarde. Deze geruststellende indicator zorgt ervoor dat <strong>je geeft het casino geen onevenredig voordeel<\/strong> op de lange termijn.<\/p>\n\n\n\n<p><strong>De maximale winst is \u20ac 750.000<\/strong> bij de maximale inzet. Dit kolossale bedrag, dat levens onmiddellijk kan veranderen, overtreft het typische aanbod van andere minigames ruimschoots.<\/p>\n\n\n\n<p>De vermenigvuldiger van 10.000x blijft de Heilige Graal voor avontuurlijke spelers, waardoor een kleine munt verandert in een <strong>enorme jackpot<\/strong>.<\/p>\n\n\n\n<h3 class=\"wp-block-heading\">Verschillen tussen de speltypen Easy en Hardcore<\/h3>\n\n\n\n<p>De gemakkelijke modus biedt bescheiden maar frequente winsten, wat beginners geruststelt. De Hardcore modus daarentegen biedt enorme bedragen vanaf de eerste banen. Het is dag en nacht qua winstgevendheid: <strong>kies je kamp verstandig<\/strong>.<\/p>\n\n\n\n<p>De bewegingsdichtheid verandert drastisch afhankelijk van de gekozen moeilijkheidsgraad. In speltype Hardcore <strong>auto's rijden te hard<\/strong>.<\/p>\n\n\n\n<p>In gemakkelijke modus <strong>overwinningen groeien langzaam maar zeker<\/strong> bij elke stap, wat het ideale tempo is om langer mee te gaan.<\/p>\n\n\n\n<h3 class=\"wp-block-heading\">Relatie tussen verkeersvolume en werkelijke variabiliteit<\/h3>\n\n\n\n<p>Meer auto's betekent <strong>toegenomen volatiliteit<\/strong>. De kans dat je crasht neemt drastisch toe bij elke poging, maar dit is de prijs die je moet betalen om de hoofdprijs te kunnen pakken.<\/p>\n\n\n\n<p>Een willekeurige nummergenerator bepaalt de verdeling van de voertuigen. Niemand kan voorspellen of de volgende stap veilig of fataal zal zijn; <strong>alles is gebaseerd op deze onpartijdige wiskundige berekening<\/strong>.<\/p>\n\n\n\n<p>Voorzichtige spelers blijven verstandig in de Easy-modus. Het heeft geen zin om het lot te tarten als je <strong>bankroll laat het niet toe<\/strong>.<\/p>\n\n\n\n<h2 class=\"wp-block-heading\" id=\"opcje-automatyzacji-dostepnosc-tytulu\">Automatiseringsopties en beschikbaarheid van titels<\/h2>\n\n\n\n<p>Voor degenen die de voorkeur geven aan een meer methodische aanpak, heeft Evoplay een <strong>praktische hulpmiddelen voor het beheren van speelsessies<\/strong>.<\/p>\n\n\n\n<h3 class=\"wp-block-heading\">Autoplay-modus configuratie en inzetstrategie\u00ebn<\/h3>\n\n\n\n<p>Je kunt automatisch stoppen met wedden als een winst- of verliesdrempel wordt bereikt. Dit <strong>de nodige zekerheid om het kapitaal niet te verliezen<\/strong> in een opwelling.<\/p>\n\n\n\n<p>De speler bepaalt ook het exacte aantal opeenvolgende rondes. Je configureert of de inzet moet stijgen of dalen na een winst, wat <strong>automatiseert volledig risicobeheer<\/strong>.<\/p>\n\n\n\n<p>Automatisch spelen <strong>vergemakkelijkt de toepassing van strategie\u00ebn<\/strong> zoals Martingale zonder de noodzaak van voortdurende handmatige interventie.<\/p>\n\n\n\n<h3 class=\"wp-block-heading\">Demomodus beschikbaar voor training<\/h3>\n\n\n\n<p>De gratis versie is het ideale hulpmiddel voor <strong>test vier moeilijkheidsniveaus<\/strong> geen stress. Je leert anticiperen op druk verkeer in de Hardcore modus voordat je een cent inzet.<\/p>\n\n\n\n<p>Hier spelen we voor fictieve credits om de mechanica onder de knie te krijgen. Dit is het moment om <strong>fouten maken en begrijpen<\/strong>wanneer je op 'Ophalen' moet klikken zonder je eigen geld te riskeren.<\/p>\n\n\n\n<p>De algoritmen blijven precies hetzelfde: demo <strong>getrouw de realiteit van het betaalde spel weergeeft<\/strong>.<\/p>\n\n\n\n<h3 class=\"wp-block-heading\">Technische prestaties op mobiele apparaten<\/h3>\n\n\n\n<p><strong>Touch ergonomie past perfect<\/strong> voor kleine smartphone schermen. De knoppen zijn perfect gepositioneerd voor gebruik met de duim.<\/p>\n\n\n\n<p>Ik heb gemerkt dat de bewegingen van Eggwine vloeiend blijven op tablets en nieuwere telefoons. <strong>Geen vertragingen die de precieze timing bederven<\/strong> nodig om over deze chaotische snelweg te navigeren.<\/p>\n\n\n\n<p>Je hoeft niets te downloaden om te beginnen met spelen. <strong>Alles verloopt via een webbrowser<\/strong>.<\/p>\n\n\n\n<h2 class=\"wp-block-heading\" id=\"ostateczny-werdykt-porownanie-wariantow\">Eindoordeel en vergelijking van opties<\/h2>\n\n\n\n<p>Voordat we deze analyse afsluiten, <strong>Laten we het origineel vergelijken met zijn feestelijke variant<\/strong>om te zien of de essentie van het spel echt verandert.<\/p>\n\n\n\n<h3 class=\"wp-block-heading\">Vergelijking met de Uncrossable Rush X-mas versie<\/h3>\n\n\n\n<p>We merken meteen de sfeer: Eggwina trekt een feestelijke outfit aan midden in de sneeuw. Het is <strong>visueel warmer, met een winters tintje<\/strong>die de sfeer van een typische snelweg verandert.<\/p>\n\n\n\n<p>Maar laat je niet misleiden, de motor onder de motorkap blijft hetzelfde. De CrossyRun-mechanieken, zoals de vermenigvuldigers, zijn identiek aan de basisversie. <strong>Geen wiskundige verschillen<\/strong>.<\/p>\n\n\n\n<p>Het is <strong>prettige optie<\/strong>Perfect om in de stemming te komen voor de eindejaarsfeesten.<\/p>\n\n\n\n<h3 class=\"wp-block-heading\">Algemene beoordeling en betrouwbaarheid van deze minigame van Evoplay<\/h3>\n\n\n\n<p>Mijn mening is duidelijk: het plezier is onmiddellijk en de adrenaline giert snel door je lijf. Als het op betrouwbaarheid aankomt, garandeert Evoplay totale integriteit met zijn gecertificeerde RNG. Het is <strong>een solide, eerlijke titel die zich nauwgezet houdt aan de huidige normen<\/strong> gamingindustrie.<\/p>\n\n\n\n<p>Het offici\u00eble gebruik van de CrossyRun-licentie zorgt voor <strong>een degelijke technische structuur<\/strong>weg van de dubieuze kopie\u00ebn die soms te vinden zijn.<\/p>\n\n\n\n<p>Snelheid van handelen en onmiddellijke beschikbaarheid domineren de ervaring, waardoor elke <strong>de sessie is intensief<\/strong>.<\/p>\n\n\n\n<h3 class=\"wp-block-heading\">Strategie\u00ebn om de kans op succes te optimaliseren<\/h3>\n\n\n\n<ul class=\"wp-block-list\">\n<li>Begin met <strong>kleine tarieven in de eenvoudige modus<\/strong><\/li>\n\n\n\n<li><strong>Stel een win-win doel<\/strong><\/li>\n\n\n\n<li><strong>Gebruik uitbetalen<\/strong> nadat 3 of 4 rijstroken zijn gepasseerd<\/li>\n\n\n\n<li><strong>Probeer nooit verliezen goed te maken<\/strong><\/li>\n<\/ul>\n\n\n\n<p>Laten we eerlijk zijn, het verlangen naar gemakkelijke winst is hier je grootste vijand. Het is beter om te streven naar kleine, regelmatige winsten op de eerste niveaus. Door je kapitaal rigoureus te beheren, kun je onaangename verrassingen vermijden. <strong>Weten wanneer je moet stoppen is de sleutel<\/strong>.<\/p>\n\n\n\n<p>Vergeet nooit dat psyche dezelfde rol speelt als geluk. <strong>Toeval blijft de absolute meester<\/strong> op het Uncrossable Rush pad, ongeacht de techniek die je denkt onder de knie te hebben.<\/p>\n\n\n\n<p>Deze titel van Evoplay vindt het arcadegenre opnieuw uit met een <strong>een winstpotentieel tot 10.000 keer de inzet<\/strong>. Onze Uncrossable Rush review laat een naadloze ervaring zien waar elke overgang grote winsten kan opleveren. Start nu je gratis sessie om het verkeer onder de knie te krijgen en je eerste winst veilig te stellen.<\/p>\n<\/div>","protected":false},"excerpt":{"rendered":"<p>Uncrossable Rush: opinia o tej grze na zarabianie pieni\u0119dzy. Jaka strategia? Zagraj teraz w UNCROSSABLE RUSH z prawdziw\u0105 strategi\u0105, aby w ko\u0144cu zacz\u0105\u0107 zarabia\u0107 pieni\u0105dze. Skorzystaj z bonusu powitalnego 300% do 5000 \u20ac. GRAJ W TRYBIE DEMO GRAJ NA PRAWDZIWE PIENI\u0104DZE Opinie o Uncrossable Rush: nasz werdykt o tej grze z kurczakiem Czy boisz si\u0119 &#8230; <a title=\"home1\" class=\"read-more\" href=\"https:\/\/uncrossablerushrush.pl\/nl\/\" aria-label=\"Lees meer over home1\">Lees meer<\/a><\/p>","protected":false},"author":1,"featured_media":0,"parent":0,"menu_order":0,"comment_status":"closed","ping_status":"closed","template":"","meta":{"footnotes":""},"class_list":["post-58","page","type-page","status-publish"],"_links":{"self":[{"href":"https:\/\/uncrossablerushrush.pl\/nl\/wp-json\/wp\/v2\/pages\/58","targetHints":{"allow":["GET"]}}],"collection":[{"href":"https:\/\/uncrossablerushrush.pl\/nl\/wp-json\/wp\/v2\/pages"}],"about":[{"href":"https:\/\/uncrossablerushrush.pl\/nl\/wp-json\/wp\/v2\/types\/page"}],"author":[{"embeddable":true,"href":"https:\/\/uncrossablerushrush.pl\/nl\/wp-json\/wp\/v2\/users\/1"}],"replies":[{"embeddable":true,"href":"https:\/\/uncrossablerushrush.pl\/nl\/wp-json\/wp\/v2\/comments?post=58"}],"version-history":[{"count":58,"href":"https:\/\/uncrossablerushrush.pl\/nl\/wp-json\/wp\/v2\/pages\/58\/revisions"}],"predecessor-version":[{"id":268,"href":"https:\/\/uncrossablerushrush.pl\/nl\/wp-json\/wp\/v2\/pages\/58\/revisions\/268"}],"wp:attachment":[{"href":"https:\/\/uncrossablerushrush.pl\/nl\/wp-json\/wp\/v2\/media?parent=58"}],"curies":[{"name":"wp","href":"https:\/\/api.w.org\/{rel}","templated":true}]}}